{"id":310,"date":"2020-10-25T21:31:49","date_gmt":"2020-10-25T20:31:49","guid":{"rendered":"http:\/\/www.fuerstenhof-zehmann.de\/wordpress\/?page_id=310"},"modified":"2021-12-05T12:34:03","modified_gmt":"2021-12-05T11:34:03","slug":"kontakt","status":"publish","type":"page","link":"https:\/\/www.fuerstenhof-zehmann.de\/wordpress\/kontakt\/","title":{"rendered":"Kontakt"},"content":{"rendered":"<div data-colibri-id=\"310-c1\" class=\"style-663 style-local-310-c1 position-relative\">\n  <!---->\n  <div data-colibri-component=\"section\" data-colibri-id=\"310-c2\" id=\"impressum\" class=\"h-section h-section-global-spacing d-flex align-items-lg-center align-items-md-center align-items-center style-684 style-local-310-c2 position-relative\">\n    <!---->\n    <!---->\n    <div class=\"h-section-grid-container h-section-boxed-container\">\n      <!---->\n      <div data-colibri-id=\"310-c3\" class=\"h-row-container gutters-row-lg-2 gutters-row-md-2 gutters-row-0 gutters-row-v-lg-2 gutters-row-v-md-2 gutters-row-v-2 style-685 style-local-310-c3 position-relative\">\n        <!---->\n        <div class=\"h-row justify-content-lg-center justify-content-md-center justify-content-center align-items-lg-stretch align-items-md-stretch align-items-stretch gutters-col-lg-2 gutters-col-md-2 gutters-col-0 gutters-col-v-lg-2 gutters-col-v-md-2 gutters-col-v-2\">\n          <!---->\n          <div class=\"h-column h-column-container d-flex h-col-lg-auto h-col-md-auto h-col-auto style-686-outer style-local-310-c4-outer\">\n            <div data-colibri-id=\"310-c4\" class=\"d-flex h-flex-basis h-column__inner h-px-lg-2 h-px-md-2 h-px-2 v-inner-lg-2 v-inner-md-2 v-inner-2 style-686 style-local-310-c4 position-relative\">\n              <!---->\n              <!---->\n              <div class=\"w-100 h-y-container h-column__content h-column__v-align flex-basis-100 align-self-lg-start align-self-md-start align-self-start\">\n                <!---->\n                <div data-colibri-id=\"310-c5\" class=\"h-global-transition-all h-heading style-687 style-local-310-c5 position-relative h-element\">\n                  <!---->\n                  <div class=\"h-heading__outer style-687 style-local-310-c5\">\n                    <!---->\n                    <!---->\n                    <h1 class=\"\">&nbsp;Impressum<\/h1>\n                  <\/div>\n                <\/div>\n                <div data-colibri-id=\"310-c6\" class=\"h-text h-text-component style-688 style-local-310-c6 position-relative h-element\">\n                  <!---->\n                  <!---->\n                  <div class=\"\">\n                    <p>Maria &amp; Josef Hartenberger\n                      <br>Goppoltsried 6\n                      <br>92445 Neukirchen-Balbini\n                      <br>\n                    <\/p>\n                    <p>Telefon: +49 9465\/911827 oder +49 9465\/385\n                      <br>Mobil: +49 171\/2277044\n                      <br>Fax: +49 9465\/441<\/p>\n                    <p><span style=\"font-weight: 400; font-size: 16px; font-family: &quot;Open Sans&quot;; color: rgb(64, 85, 169);\">E-Mail: zehmannm@gmx.de oder info@fuerstenhof-zehmann.de<br>Website: http:\/\/www.fuerstenhof-zehmann.de<br>Facebook: Ferienwohnungen F\u00fcrstenhof Zehmann<\/span><\/p>\n                    <p><span style=\"font-weight: 400; font-size: 15px; font-family: -apple-system, system-ui, BlinkMacSystemFont, &quot;Segoe UI&quot;, Helvetica, Arial, sans-serif, &quot;Apple Color Emoji&quot;, &quot;Segoe UI Emoji&quot;, &quot;Segoe UI Symbol&quot;; color: rgb(58, 58, 58);\">Haftungshinweis: Trotz sorgf\u00e4ltiger inhaltlicher Kontrolle \u00fcbernehmen wir keine Haftung f\u00fcr die Inhalte externer Links. F\u00fcr den Inhalt der verlinkten Seiten sind ausschlie\u00dflich deren Betreiber verantwortlich.<\/span><\/p>\n                  <\/div>\n                <\/div>\n              <\/div>\n            <\/div>\n          <\/div>\n        <\/div>\n      <\/div>\n    <\/div>\n  <\/div>\n<\/div>","protected":false},"excerpt":{"rendered":"<p>&nbsp;Impressum Maria &amp; Josef Hartenberger Goppoltsried 6 92445 Neukirchen-Balbini Telefon: +49 9465\/911827 oder +49 9465\/385 Mobil: +49 171\/2277044 Fax: +49 9465\/441 E-Mail: zehmannm@gmx.de oder info@fuerstenhof-zehmann.deWebsite: http:\/\/www.fuerstenhof-zehmann.deFacebook: Ferienwohnungen F\u00fcrstenhof Zehmann Haftungshinweis: Trotz sorgf\u00e4ltiger inhaltlicher Kontrolle \u00fcbernehmen wir keine Haftung f\u00fcr die Inhalte externer Links. F\u00fcr den Inhalt der verlinkten Seiten sind ausschlie\u00dflich deren Betreiber verantwortlich.<\/p>\n","protected":false},"author":1,"featured_media":0,"parent":0,"menu_order":0,"comment_status":"closed","ping_status":"closed","template":"page-templates\/full-width-page.php","meta":{"_themeisle_gutenberg_block_has_review":false,"footnotes":""},"_links":{"self":[{"href":"https:\/\/www.fuerstenhof-zehmann.de\/wordpress\/wp-json\/wp\/v2\/pages\/310"}],"collection":[{"href":"https:\/\/www.fuerstenhof-zehmann.de\/wordpress\/wp-json\/wp\/v2\/pages"}],"about":[{"href":"https:\/\/www.fuerstenhof-zehmann.de\/wordpress\/wp-json\/wp\/v2\/types\/page"}],"author":[{"embeddable":true,"href":"https:\/\/www.fuerstenhof-zehmann.de\/wordpress\/wp-json\/wp\/v2\/users\/1"}],"replies":[{"embeddable":true,"href":"https:\/\/www.fuerstenhof-zehmann.de\/wordpress\/wp-json\/wp\/v2\/comments?post=310"}],"version-history":[{"count":12,"href":"https:\/\/www.fuerstenhof-zehmann.de\/wordpress\/wp-json\/wp\/v2\/pages\/310\/revisions"}],"predecessor-version":[{"id":1079,"href":"https:\/\/www.fuerstenhof-zehmann.de\/wordpress\/wp-json\/wp\/v2\/pages\/310\/revisions\/1079"}],"wp:attachment":[{"href":"https:\/\/www.fuerstenhof-zehmann.de\/wordpress\/wp-json\/wp\/v2\/media?parent=310"}],"curies":[{"name":"wp","href":"https:\/\/api.w.org\/{rel}","templated":true}]}}